{"id":395,"date":"2018-04-22T19:32:29","date_gmt":"2018-04-22T16:32:29","guid":{"rendered":"http:\/\/www.basakbugay.com\/?page_id=395"},"modified":"2022-04-02T16:27:16","modified_gmt":"2022-04-02T13:27:16","slug":"press","status":"publish","type":"page","link":"https:\/\/www.basakbugay.com\/index.php\/press\/","title":{"rendered":"Press"},"content":{"rendered":"<p><a href=\"https:\/\/www.zilbermangallery.com\/podcasts.htm?nid=36\" target=\"_blank\" rel=\"noopener\">Podium Zilberman no 11, Ba\u015fak Bugay&amp;Zeynep Nur Ayano\u011flu, 2021<\/a><\/p>\n<p><a href=\"https:\/\/www.zilbermangallery.com\/podcasts.htm?nid=37\" target=\"_blank\" rel=\"noopener\">Podium Zilberman no 12, \u0130smail Gezgin&amp;Zeynep Nur Ayano\u011flu, 2022<\/a><\/p>\n<p><a href=\"https:\/\/www.zilbermangallery.com\/podcasts.htm?nid=39\" target=\"_blank\" rel=\"noopener\">Podium Zilberman no 14, Berfin Zenderlio\u011flu&amp;Zeynep Nur Ayano\u011flu, 2022<\/a><\/p>\n<p><a href=\"https:\/\/cargocollective.com\/nazkocadere\/Fugue-curatorial-exhibition-text\" target=\"_blank\" rel=\"noopener\">&#8220;Fugue Curatorial Exhibition Text&#8221;, Naz Kocadere, 2021<\/a><\/p>\n<p><a href=\"https:\/\/www.stirworld.com\/see-features-basak-bugay-presents-her-newest-sculptures-at-solo-exhibition-fugue\" target=\"_blank\" rel=\"noopener\">&#8220;Ba\u015fak Bugay Presents Her Newest Sculptures at Solo Exhibition Fugue&#8221;, Shraddha Nair, Stirworld, 2022<\/a><\/p>\n<p><a href=\"https:\/\/www.gazeteduvar.com.tr\/tam-dusumun-ucunda-ama-makale-1546843\" target=\"_blank\" rel=\"noopener\">&#8220;Tam D\u00fc\u015f\u00fcm\u00fcn Ucunda Ama&#8230;&#8221;, Evrim Altu\u011f, Gazete Duvar, 2021<\/a><\/p>\n<p><a href=\"https:\/\/www.hurriyet.com.tr\/kitap-sanat\/iceride-kendini-gormeyen-disariyi-nasil-gorsun-41992044\" target=\"_blank\" rel=\"noopener\">&#8220;\u0130\u00e7eride Kendini G\u00f6rmeyen D\u0131\u015far\u0131y\u0131 Nas\u0131l G\u00f6rs\u00fcn&#8221;, Melike Bay\u0131k, H\u00fcrriyet, 2022<\/a><\/p>\n<p><a href=\"https:\/\/www.artfulliving.com.tr\/gundem\/basak-bugayin-fug-sergisi-zilbermanda-i-24675\" target=\"_blank\" rel=\"noopener\">&#8220;Ba\u015fak Bugay&#8217;\u0131n F\u00fcg Sergisi Zilberman&#8217;da&#8221;, Dilara Altu\u011f, Artfulliving, 2022<\/a><\/p>\n<p><a href=\"https:\/\/sanatkritik.com\/soylesi\/basak-bugay-her-isin-bir-sekilde-zorbalikla-ve-buna-ragmen-hayatta-kalma-mucadelesiyle-ilgili-bir-oykusu-vardi\/\" target=\"_blank\" rel=\"noopener\">&#8220;Her \u0130\u015fin Bir \u015eekilde Zorbal\u0131kla ve Buna Ra\u011fmen Hayatta Kalmayla \u0130lgili Bir \u00d6yk\u00fcs\u00fc Vard\u0131&#8221;, Abdullah Ezik, Sanat Kritik, 2022<\/a><\/p>\n<p><a href=\"https:\/\/www.youtube.com\/watch?v=vX9sRGmhIGs\" data-rel=\"lightbox-video-0\" target=\"_blank\" rel=\"noopener\">Art Feed, &#8220;Ba\u015fak Bugay&#8217;\u0131n At\u00f6lyesinde!&#8221;,\u00a0 2022<\/a><\/p>\n<p><a href=\"https:\/\/www.youtube.com\/watch?v=uZcOWq5-qNE\" data-rel=\"lightbox-video-1\" target=\"_blank\" rel=\"noopener\">ARTTV r\u00f6portaj, 2022<\/a><\/p>\n<p><a href=\"http:\/\/www.sanatatak.com\/view\/bebek-torenleri-cenaze-torenleri\" target=\"_blank\" rel=\"noopener\">&#8220;Bebek t\u00f6renleri, cenaze t\u00f6renleri&#8221;, Zeynep Say\u0131n, Sanatatak, 2018<\/a><\/p>\n<p><a href=\"http:\/\/www.cumhuriyet.com.tr\/haber\/kultur-sanat\/959837\/Saklanmak_keyif_peki_bulunamamak_...html\" target=\"_blank\" rel=\"noopener\">&#8220;Saklanmak keyif peki bulunamamak!..&#8221;, \u00d6znur O\u011fra\u015f \u00c7olak, Cumhuriyet, 2018<\/a><\/p>\n<p><a href=\"https:\/\/www.gazeteduvar.com.tr\/yazarlar\/2018\/04\/29\/saklambac-oynamak-isteyen-bu-sergiye-goz-diksin\/\" target=\"_blank\" rel=\"noopener\">&#8220;Saklamba\u00e7 oynamak isteyen, bu sergiye g\u00f6z diksin&#8221;, Evrim Altu\u011f, Gazete Duvar, 2018<\/a><\/p>\n<p><a href=\"https:\/\/didemermisblog.wordpress.com\/2018\/04\/22\/mahrem-alanlarimizda-davetsiz-misafirler\/\" target=\"_blank\" rel=\"noopener\">&#8220;Mahrem alanlar\u0131m\u0131zda davetsiz misafirler&#8221;, Didem Ermi\u015f, 2018<\/a><\/p>\n<p><a href=\"http:\/\/www.arttv.com.tr\/sergiler\/diger\/basak-bugay-saklanmak-keyiftir-milli-reasurans-sanat-galerisi\" target=\"_blank\" rel=\"noopener\">ARTTV r\u00f6portaj, 2018<\/a><\/p>\n","protected":false},"excerpt":{"rendered":"<p>Podium Zilberman no 11, Ba\u015fak Bugay&amp;Zeynep Nur Ayano\u011flu, 2021 Podium Zilberman no 12, \u0130smail Gezgin&amp;Zeynep Nur Ayano\u011flu, 2022 Podium Zilberman no 14, Berfin Zenderlio\u011flu&amp;Zeynep Nur Ayano\u011flu, 2022&hellip;<\/p>\n","protected":false},"author":1,"featured_media":0,"parent":0,"menu_order":0,"comment_status":"closed","ping_status":"closed","template":"","meta":[],"_links":{"self":[{"href":"https:\/\/www.basakbugay.com\/index.php\/wp-json\/wp\/v2\/pages\/395"}],"collection":[{"href":"https:\/\/www.basakbugay.com\/index.php\/wp-json\/wp\/v2\/pages"}],"about":[{"href":"https:\/\/www.basakbugay.com\/index.php\/wp-json\/wp\/v2\/types\/page"}],"author":[{"embeddable":true,"href":"https:\/\/www.basakbugay.com\/index.php\/wp-json\/wp\/v2\/users\/1"}],"replies":[{"embeddable":true,"href":"https:\/\/www.basakbugay.com\/index.php\/wp-json\/wp\/v2\/comments?post=395"}],"version-history":[{"count":10,"href":"https:\/\/www.basakbugay.com\/index.php\/wp-json\/wp\/v2\/pages\/395\/revisions"}],"predecessor-version":[{"id":856,"href":"https:\/\/www.basakbugay.com\/index.php\/wp-json\/wp\/v2\/pages\/395\/revisions\/856"}],"wp:attachment":[{"href":"https:\/\/www.basakbugay.com\/index.php\/wp-json\/wp\/v2\/media?parent=395"}],"curies":[{"name":"wp","href":"https:\/\/api.w.org\/{rel}","templated":true}]}}