{"id":124,"date":"2015-07-05T00:35:14","date_gmt":"2015-07-04T22:35:14","guid":{"rendered":"http:\/\/www.basakbugay.com\/?page_id=124"},"modified":"2022-05-19T20:35:22","modified_gmt":"2022-05-19T17:35:22","slug":"painting","status":"publish","type":"page","link":"https:\/\/www.basakbugay.com\/index.php\/painting\/","title":{"rendered":"About"},"content":{"rendered":"<div class=\"page\" title=\"Page 45\">\n<div class=\"layoutArea\">\n<div class=\"column\">\n<p><em>In her works, Bas\u0327ak Bugay explores ways to represent the relationship between the psychic constructions of the subject and the collective unconscious. Using a wide range of material and an ironic discourse, she puts forth themes like childhood traumas, denial and defense mechanisms, and sleep\/death. Taking her relationship with material and process as organic, Bugay\u2019s production process is shaped through the use of materials of fabric, ber, plaster, and terracotta. Cut o from the outside world, isolated, confined to their own space the figures in their privacy do not directly interact with the audience. These figures are tough and distant and at once peaceful and familiar. Bugay lets the audience figure out the hidden elements trapped in these spaces of privacy, breach into their secrecy and complete their un- canny and hidden stories. Although seeming safe and warm, the environments and figures in her works contain the possibility of an attack.<\/em><\/p>\n<\/div>\n<\/div>\n<\/div>\n<p class=\"p1\">Visual artist born in Istanbul, 1979. Bugay graduated from Department of Painting in 2002, obtained her Phd in 2019 both at Mimar Sinan University of Fine Art. Lives and works in Beyo\u011flu, Istanbul.<\/p>\n<p class=\"p4\">Solo exhibitions<\/p>\n<p>2022 &#8220;F\u00fcg \/ Fugue&#8221;, Zilberman Gallery, Istanbul<\/p>\n<p>2018 &#8220;Saklanmak keyiftir \/ It&#8217;s a joy to be hidden&#8221;, Milli Reas\u00fcrans Art Gallery, Istanbul<\/p>\n<p class=\"p4\">2015 &#8220;Bebe \/ Doll&#8221;, in the studio of the artist, Istanbul<\/p>\n<p class=\"p4\">2010 \u201cDenge \/ Balance\u201d, Ziraat Bank Art Gallery, Istanbul<\/p>\n<p class=\"p4\">Selected group shows<\/p>\n<p>2022 &#8220;Rounded by Sleep&#8221;, curator: Eda Berkmen, Arter, Istanbul<\/p>\n<p>2021 &#8220;Kar\u015f\u0131 Pencere&#8221;, curator: Melike Bay\u0131k, KOL\u0130 Art Space, Istanbul<\/p>\n<p>2021 &#8220;Unlock&#8221;, Zilberman Gallery, Istanbul<\/p>\n<p>2019 &#8220;Dancing Into One&#8221;, organized by March Art Project, Yuvakimyon Rum K\u0131z Lisesi, Istanbul<\/p>\n<p>2018 &#8220;The Big Picture&#8221;, organized by Amnesty International, DEPO, Istanbul<\/p>\n<p>&#8220;Otelde Bir G\u00fcn \/ A Day at Hotel&#8221;, Zilberman Gallery, Istanbul<\/p>\n<p>&#8220;The Cut and The Pit&#8221;, Unique Gallery, Istanbul<\/p>\n<p class=\"p4\">2015 &#8220;Bu Benim de Akl\u0131ma Gelmi\u015fti&#8221;, Kargart, Istanbul<\/p>\n<p class=\"p4\">2012 &#8220;Zaman A\u015f\u0131m\u0131 \/ Statutory Limitation&#8221;, Kar\u015f\u0131 Sanat &#8211; Ada Sanat, Istanbul<\/p>\n<p class=\"p4\">2012 &#8220;Hayvan \/ Animal&#8221;, Tophane-i Amire-Tekkubbe, Istanbul<\/p>\n<p class=\"p4\">2011 \u201cDiyarbak\u0131r Hapishanesi Ne Yana D\u00fc\u015fer \/ Where is Diyarbak\u0131r Prison\u201d, Kar\u015f\u0131 Sanat Galerisi, Istanbul<\/p>\n<p class=\"p4\">2011 \u201c\u00d6yle mi? \/ Is-it?\u201d, Tophane-i Amire -Tekkubbe, Istanbul<\/p>\n<p class=\"p4\">2010 \u201cFig\u00fcratif \/ Figurative\u201d, Alanistanbul T\u00fcnel, Istanbul<\/p>\n<p class=\"p4\">2010 Artist 2010, \u0130pek-Ahmet Merey Collectioners Honourable Reward Exhibition, Istanbul<\/p>\n<p class=\"p4\">2010 \u201cY\u00fczy\u0131l\u0131n Sergisi \/ Exhibition of the Century&#8221;, Ziraat Bank Collection, Cer Modern, Ankara<\/p>\n<p class=\"p4\">2010 \u201cGen\u00e7 Ustalar, Usta Gen\u00e7ler \/ Young Masters\u201d, Rh+ Art Magazine, MKM, Istanbul<\/p>\n<p class=\"p6\"><span class=\"s1\">2009\u00a0<\/span>Artist 2009, 216 D\u00fc\u015f\u00fcnce ve \u00dcretim Alan\u0131, 19. Istanbul Art Fair, T\u00dcYAP, \u00a0\u0130stanbul<\/p>\n<p class=\"p4\">2009 \u201cMemory Book: Hasanpa\u015fa\u201d, 216 D\u00fc\u015f\u00fcnce ve \u00dcretim Alan\u0131\u00a0Group Exhibition, Istanbul<\/p>\n<p class=\"p4\">2009 \u201cMemory Book: Moda\u201d, 216 D\u00fc\u015f\u00fcnce ve \u00dcretim Alan\u0131\u00a0Group Exhibition, Istanbul<\/p>\n<p class=\"p4\">2008 \u201cMetropol\u201d, Sel\u00e7uk Ya\u015far Art Gallery, Izmir<\/p>\n<p class=\"p4\">\n","protected":false},"excerpt":{"rendered":"<p>In her works, Bas\u0327ak Bugay explores ways to represent the relationship between the psychic constructions of the subject and the collective unconscious. Using a wide range of&hellip;<\/p>\n","protected":false},"author":1,"featured_media":0,"parent":0,"menu_order":0,"comment_status":"open","ping_status":"open","template":"","meta":[],"_links":{"self":[{"href":"https:\/\/www.basakbugay.com\/index.php\/wp-json\/wp\/v2\/pages\/124"}],"collection":[{"href":"https:\/\/www.basakbugay.com\/index.php\/wp-json\/wp\/v2\/pages"}],"about":[{"href":"https:\/\/www.basakbugay.com\/index.php\/wp-json\/wp\/v2\/types\/page"}],"author":[{"embeddable":true,"href":"https:\/\/www.basakbugay.com\/index.php\/wp-json\/wp\/v2\/users\/1"}],"replies":[{"embeddable":true,"href":"https:\/\/www.basakbugay.com\/index.php\/wp-json\/wp\/v2\/comments?post=124"}],"version-history":[{"count":16,"href":"https:\/\/www.basakbugay.com\/index.php\/wp-json\/wp\/v2\/pages\/124\/revisions"}],"predecessor-version":[{"id":859,"href":"https:\/\/www.basakbugay.com\/index.php\/wp-json\/wp\/v2\/pages\/124\/revisions\/859"}],"wp:attachment":[{"href":"https:\/\/www.basakbugay.com\/index.php\/wp-json\/wp\/v2\/media?parent=124"}],"curies":[{"name":"wp","href":"https:\/\/api.w.org\/{rel}","templated":true}]}}